{"id":5302,"date":"2021-03-15T10:50:33","date_gmt":"2021-03-15T09:50:33","guid":{"rendered":"http:\/\/www.klubskolwin.pl\/?page_id=5302"},"modified":"2026-04-01T13:43:57","modified_gmt":"2026-04-01T11:43:57","slug":"deklaracja-dostepnosci","status":"publish","type":"page","link":"https:\/\/klubskolwin.pl\/index.php\/o-nas\/deklaracja-dostepnosci\/","title":{"rendered":"Deklaracja dost\u0119pno\u015bci"},"content":{"rendered":"<h1 id=\"a11y-deklaracja\">Deklaracja Dost\u0119pno\u015bci<\/h1>\n<section id=\"a11y-wstep\"><span id=\"a11y-podmiot\">Dom Kultury \u201eKlub Skolwin\u201d<\/span> zobowi\u0105zuje si\u0119 zapewni\u0107 dost\u0119pno\u015b\u0107 swojej <span id=\"a11y-zakres\">strony internetowej<\/span> zgodnie z ustaw\u0105 z dnia 4 kwietnia 2019 r. o dost\u0119pno\u015bci cyfrowej stron internetowych i aplikacji mobilnych podmiot\u00f3w publicznych.<\/p>\n<p>Deklaracja Dost\u0119pno\u015bci dotyczy strony <a id=\"a11y-url\" href=\"https:\/\/www.klubskolwin.pl\/\">Oficjalna strona internetowa Domu Kultury \u201eKlub Skolwin\u201d w Szczecinie<\/a>.<\/p>\n<\/section>\n<ul>\n<li>Data publikacji strony internetowej:<time id=\"a11y-data-publikacja\" datetime=\"2015-09-15\"> 15 wrze\u015bnia 2015 r.<\/time><\/li>\n<li>Data ostatniej istotnej aktualizacji:<time id=\"a11y-data-aktualizacja\" datetime=\"2020-09-11\"> 11 wrze\u015bnia 2020 r.<\/time><\/li>\n<\/ul>\n<h2>Stan dost\u0119pno\u015bci cyfrowej<\/h2>\n<p id=\"a11y-status\">Ta strona internetowa jest cz\u0119\u015bciowo zgodna z za\u0142\u0105cznikiem do ustawy o dost\u0119pno\u015bci cyfrowej z dnia 4 kwietnia 2019 r. o dost\u0119pno\u015bci cyfrowej stron internetowych i aplikacji mobilnych podmiot\u00f3w publicznych z powodu niezgodno\u015bci i wy\u0142\u0105cze\u0144 wymienionych poni\u017cej.<\/p>\n<h2>Niedost\u0119pne tre\u015bci<\/h2>\n<h3>Niezgodno\u015b\u0107 z za\u0142\u0105cznikiem<\/h3>\n<div id=\"a11y-niezgodnosc-z-zalacznikiem\">Zdj\u0119cia i grafiki na stronie internetowej nie zawieraj\u0105 opis\u00f3w alternatywnych;<br \/>\nCz\u0119\u015b\u0107 plik\u00f3w *.pdf to skany dokument\u00f3w;<br \/>\nMateria\u0142y wideo nie zawieraj\u0105 napis\u00f3w dla os\u00f3b z niepe\u0142nosprawno\u015bci\u0105 s\u0142uchu;<br \/>\nBrak audiodeskrypcji dla materia\u0142\u00f3w wideo.<\/div>\n<h3>Nadmierne koszty<\/h3>\n<div id=\"a11y-ocena\">Stare dokumenty PDF, kt\u00f3re wymagaj\u0105 skanowania i przekszta\u0142cenia w dost\u0119pne dokumenty cyfrowe. Koszt digitalizacji wielu dokument\u00f3w archiwalnych mo\u017ce przewy\u017csza\u0107 korzy\u015bci wynikaj\u0105ce z ich dost\u0119pno\u015bci. Multimedia, takie jak stare filmy promocyjne bez napis\u00f3w czy audiodeskrypcji, kt\u00f3rych<br \/>\ndostosowanie wymaga\u0142oby znacz\u0105cych nak\u0142ad\u00f3w finansowych. Wirtualny spacer nie jest dost\u0119pny cyfrowo. Zapewnienie dost\u0119pno\u015bci tej funkcji oznacza bardzo wysokie koszty, kt\u00f3re ocenili\u015bmy jako nadmierne obci\u0105\u017cenie opisane w ustawie o dost\u0119pno\u015bci cyfrowej.<\/div>\n<h3>Tre\u015bci nieobj\u0119te przepisami<\/h3>\n<div id=\"a11y-tresci-nieobjete-przepisami\">Cz\u0119\u015b\u0107 plik\u00f3w zosta\u0142a opublikowana przed wej\u015bciem w \u017cycie ustawy o dost\u0119pno\u015bci cyfrowej.<\/div>\n<h2>Przygotowanie Deklaracji Dost\u0119pno\u015bci<\/h2>\n<h3>Przygotowanie Deklaracji Dost\u0119pno\u015bci i jej aktualizacja<\/h3>\n<ul>\n<li>Data sporz\u0105dzenia deklaracji: <time id=\"a11y-data-sporzadzenie\" datetime=\"2021-03-15\">15 marca 2021 r.<\/time><\/li>\n<li>Data ostatniego przegl\u0105du deklaracji: <time id=\"a11y-data-przeglad\" datetime=\"2025-03-07\">9 marca 2026 r.<\/time><\/li>\n<\/ul>\n<p>Deklaracj\u0119 sporz\u0105dzili\u015bmy na podstawie samooceny w oparciu o <a href=\"https:\/\/www.gov.pl\/attachment\/1a3e2bb5-6d60-4897-ac2f-07a8e91e70ed\">List\u0119 kontroln\u0105 do badania dost\u0119pno\u015bci cyfrowej strony internetowej v. 2.2 (docx, 0,12MB)<\/a>.<\/p>\n<h2>Udogodnienia, ograniczenia i inne informacje<\/h2>\n<p id=\"a11y-udogodnienia-i-ograniczenia\">Informacje oraz komponenty interfejsu u\u017cytkownika umieszczone na stronie internetowej Domu Kultury \u201eKlub Skolwin\u201d w Szczecinie przedstawione s\u0105 u\u017cytkownikom w przejrzysty i dost\u0119pny spos\u00f3b.<br \/>\nStrona internetowa zawiera jednocze\u015bnie tre\u015bci zwi\u0105zane z funkcjonowaniem Domu Kultury \u201eKlub Skolwin\u201d oraz Klubu Seniora \u201eDon Senior\u201d w Szczecinie.<\/p>\n<p>Strona nie emituje szybko migaj\u0105cych tre\u015bci mog\u0105cych wywo\u0142ywa\u0107 dyskomfort u\u017cytkowania oraz nie wymaga od u\u017cytkownika podejmowania jakichkolwiek dzia\u0142a\u0144 na stronie pod presj\u0105 czasu.<br \/>\nStron\u0119 mo\u017cna przegl\u0105da\u0107 na ekranach urz\u0105dze\u0144 mobilnych, takich jak telefony kom\u00f3rkowe i tablety.<br \/>\nPodwy\u017cszony kontrast (czarne t\u0142o, \u017c\u00f3\u0142te litery).<\/p>\n<p>Mo\u017cliwo\u015b\u0107 powi\u0119kszenia\/pomniejszenia wielko\u015bci liter na stronie<\/p>\n<p>Obs\u0142uga strony przy pomocy myszki i klawiatury.<\/p>\n<p>Na stronie i podstronach www.klubskolwin.pl mo\u017cna u\u017cywa\u0107 standardowych skr\u00f3t\u00f3w klawiaturowych przegl\u0105darki.<\/p>\n<h2>Informacje zwrotne i dane kontaktowe<\/h2>\n<p>Wszystkie problemy z dost\u0119pno\u015bci\u0105 cyfrow\u0105 tej strony internetowej mo\u017cesz zg\u0142osi\u0107 do <span id=\"a11y-kontakt\">Piotr Starzy\u0144ski<\/span> \u2014 mailowo <a id=\"a11y-email\" href=\"mailto:ps@klubskolwin.pl\">ps@klubskolwin.pl<\/a> lub telefonicznie <a id=\"a11y-telefon\" href=\"tel:914218020\">914218020<\/a>.<\/p>\n<p>Ka\u017cdy ma prawo wyst\u0105pi\u0107 z \u017c\u0105daniem zapewnienia dost\u0119pno\u015bci cyfrowej tej strony internetowej lub jej element\u00f3w.<\/p>\n<p>Zg\u0142aszaj\u0105c takie \u017c\u0105danie podaj:<\/p>\n<ul>\n<li>swoje imi\u0119 i nazwisko,<\/li>\n<li>swoje dane kontaktowe (np. numer telefonu, e-mail),<\/li>\n<li>dok\u0142adny adres strony internetowej, na kt\u00f3rej jest niedost\u0119pny cyfrowo element lub tre\u015b\u0107,<\/li>\n<li>opis na czym polega problem i jaki spos\u00f3b jego rozwi\u0105zania by\u0142by dla Ciebie najwygodniejszy.<\/li>\n<\/ul>\n<p>Na Twoje zg\u0142oszenie odpowiemy najszybciej jak to mo\u017cliwe, nie p\u00f3\u017aniej ni\u017c w ci\u0105gu 7 dni od jego otrzymania.<\/p>\n<p>Je\u017celi ten termin b\u0119dzie dla nas zbyt kr\u00f3tki poinformujemy Ci\u0119 o tym. W tej informacji podamy nowy termin, do kt\u00f3rego poprawimy zg\u0142oszone przez Ciebie b\u0142\u0119dy lub przygotujemy informacje w alternatywny spos\u00f3b. Ten nowy termin nie b\u0119dzie d\u0142u\u017cszy ni\u017c 2 miesi\u0105ce.<\/p>\n<p>Je\u017celi nie b\u0119dziemy w stanie zapewni\u0107 dost\u0119pno\u015bci cyfrowej strony internetowej lub tre\u015bci, wskazanej w Twoim \u017c\u0105daniu, zaproponujemy Ci dost\u0119p do nich w alternatywny spos\u00f3b.<\/p>\n<section id=\"a11y-procedura\">\n<h3>Obs\u0142uga wniosk\u00f3w i skarg zwi\u0105zanych z dost\u0119pno\u015bci\u0105<\/h3>\n<p>Je\u017celi w odpowiedzi na Tw\u00f3j wniosek o zapewnienie dost\u0119pno\u015bci cyfrowej, odm\u00f3wimy zapewnienia \u017c\u0105danej przez Ciebie dost\u0119pno\u015bci cyfrowej, a Ty nie zgadzasz si\u0119 z t\u0105 odmow\u0105, masz prawo z\u0142o\u017cy\u0107 skarg\u0119.<\/p>\n<p>Skarg\u0119 masz prawo z\u0142o\u017cy\u0107 tak\u017ce, je\u015bli nie zgadzasz si\u0119 na skorzystanie z alternatywnego sposobu dost\u0119pu, kt\u00f3ry zaproponowali\u015bmy Ci w odpowiedzi na Tw\u00f3j wniosek o zapewnienie dost\u0119pno\u015bci cyfrowej.<\/p>\n<p>Ewentualn\u0105 skarg\u0119 z\u0142\u00f3\u017c listownie lub mailem:<\/p>\n<p><span id=\"a11y-nazwa-instytucji\">Dom Kultury &#8222;Klub Skolwin&#8221;<\/span>,<br \/>\n<span id=\"a11y-naczelnik\">Adam Komorowski<\/span>,<br \/>\n<span id=\"a11y-naczelnik-adres\">Adres: Sto\u0142czy\u0144ska 163, Szczecin, 71-868<\/span>,<br \/>\nmail: <a id=\"a11y-naczelnik-mail\" href=\"mailto:ak@klubskolwin.pl\">ak@klubskolwin.pl<\/a>,<br \/>\ntelefon: <a id=\"a11y-naczelnik-telefon\" href=\"tel:914218020\">914218020<\/a>.<\/p>\n<p><a href=\"https:\/\/www.gov.pl\/web\/gov\/zloz-wniosek-o-zapewnienie-dostepnosci-cyfrowej-strony-internetowej-lub-aplikacji-mobilnej\">Pomocne mog\u0105 by\u0107 informacje, kt\u00f3re mo\u017cna znale\u017a\u0107 na rz\u0105dowym portalu gov.pl<\/a>.<\/p>\n<p>Mo\u017cesz tak\u017ce poinformowa\u0107 o tej sytuacji <a href=\"https:\/\/bip.brpo.gov.pl\/\"> Rzecznika Praw Obywatelskich<\/a> i poprosi\u0107 o interwencj\u0119 w Twojej sprawie.<\/p>\n<\/section>\n<h2>Pozosta\u0142e informacje<\/h2>\n<section id=\"a11y-architektura\">\n<h3>Dost\u0119pno\u015b\u0107 architektoniczna<\/h3>\n<p id=\"a11y-opis-architektury\"><strong>Dost\u0119pno\u015b\u0107 architektoniczna budynku g\u0142\u00f3wnego Domu Kultury \u201eKlub Skolwin\u201d zlokalizowanego przy ul. Sto\u0142czy\u0144skiej 163. Budynek Domu Kultury \u201eKlub Skolwin\u201d jest cz\u0119\u015bciowo dostosowany do potrzeb os\u00f3b z r\u00f3\u017cnymi rodzajami niepe\u0142nosprawno\u015bci.<\/strong><\/p>\n<p><strong>Udogodnienia<\/strong>: Na parkingu przed budynkiem przy wej\u015bciu g\u0142\u00f3wnym do budynku znajduje si\u0119 wydzielone miejsce parkingowe dla os\u00f3b niepe\u0142nosprawnych. Miejsce parkingowe dla os\u00f3b niepe\u0142nosprawnych jest oznakowana zgodnie z obowi\u0105zuj\u0105cymi standardami i przepisami. Bezpo\u015brednio przy miejscu parkingowym dla os\u00f3b niepe\u0142nosprawnych znajduje si\u0119 chodnik pozbawiony barier architektonicznych i prowadz\u0105cy do wej\u015bcia g\u0142\u00f3wnego do budynku. Przy wej\u015bciu g\u0142\u00f3wnym do budynku znajduje si\u0119 podjazd dla w\u00f3zk\u00f3w inwalidzkich na parter budynku. Toaleta dla os\u00f3b z niepe\u0142nosprawno\u015bci\u0105 (bez systemu przyzywowego w toalecie). Do budynku Domu Kultury mo\u017ce wej\u015b\u0107 osoba z psem asystuj\u0105cym. Drogi ewakuacji wyznaczone s\u0105 specjalnymi znakami bezpiecze\u0144stwa w postaci zielonych, pod\u015bwietlonych oznacze\u0144.<\/p>\n<p><strong>Utrudnienia<\/strong>: Z powodu w\u0105skich i kr\u0119tych schod\u00f3w pi\u0119tro budynku niedost\u0119pne dla os\u00f3b poruszaj\u0105cych si\u0119 na w\u00f3zkach inwalidzkich. W budynku brak windy osobowej na pi\u0119tro. W budynku nie ma oznacze\u0144 zapisanych za pomoc\u0105 alfabetu Braille\u2019a ani oznacze\u0144 kontrastowych lub w druku powi\u0119kszonym dla os\u00f3b niewidomych i s\u0142abowidz\u0105cych. Brak p\u0119tli indukcyjnej oraz jakiegokolwiek innego systemu do t\u0142umaczenia j\u0119zyka migowego.<\/p>\n<p><strong>Dost\u0119pno\u015b\u0107 architektoniczna pomieszcze\u0144 Klubu Seniora \u201eDon Senior\u201d zlokalizowanych w budynku przy ul. Sto\u0142czy\u0144skiej 161. Budynek z pomieszczeniami Klubu Seniora \u201eDon Senior\u201d zarz\u0105dzany przez Nieruchomo\u015bci i Op\u0142aty Lokalne Sp. z o.o. oraz pozostaj\u0105cy w bezpo\u015brednim s\u0105siedztwie Domu Kultury \u201eKlub Skolwin\u201d jest cz\u0119\u015bciowo dostosowany do potrzeb os\u00f3b z r\u00f3\u017cnymi rodzajami niepe\u0142nosprawno\u015bci.<\/strong><\/p>\n<p><strong>Udogodnienia<\/strong>: Budynek wyposa\u017cony w d\u017awig osobowy o wymiarach i wyposa\u017ceniu umo\u017cliwiaj\u0105cym przemieszczanie si\u0119 osobie na w\u00f3zku inwalidzkim. Toaleta dostosowana do potrzeb os\u00f3b z ograniczon\u0105 sprawno\u015bci\u0105 ruchow\u0105 (bez instalacji przyzywowej). Do budynku mo\u017ce wej\u015b\u0107 osoba z psem asystuj\u0105cym. Drogi ewakuacji wyznaczone s\u0105 specjalnymi znakami bezpiecze\u0144stwa w postaci zielonych, pod\u015bwietlonych oznacze\u0144.<\/p>\n<p><strong>Utrudnienia<\/strong>: W budynku nie ma oznacze\u0144 zapisanych za pomoc\u0105 alfabetu Braille\u2019a ani oznacze\u0144 kontrastowych lub w druku powi\u0119kszonym dla os\u00f3b niewidomych i s\u0142abowidz\u0105cych. Brak p\u0119tli indukcyjnej oraz jakiegokolwiek innego systemu do t\u0142umaczenia j\u0119zyka migowego.<\/p>\n<div><\/div>\n<h3><span style=\"color: revert; font-size: revert; font-weight: revert;\">Dost\u0119pno\u015b\u0107 komunikacyjno-informacyjna<\/span><\/h3>\n<p><span style=\"color: initial;\">Dom Kultury \u201eKlub Skolwin\u201d nie dysponuje pracownikiem pos\u0142uguj\u0105cym si\u0119 j\u0119zykiem migowym oraz t\u0142umaczem j\u0119zyka migowego za po\u015brednictwem<\/span> \u015brodk\u00f3w<span style=\"color: initial;\"> komunikacji elektronicznej.<\/span><\/p>\n<\/section>\n","protected":false},"excerpt":{"rendered":"<p>Deklaracja Dost\u0119pno\u015bci Dom Kultury \u201eKlub Skolwin\u201d zobowi\u0105zuje si\u0119 zapewni\u0107 dost\u0119pno\u015b\u0107 swojej strony internetowej zgodnie z ustaw\u0105 z dnia 4 kwietnia 2019 r. o dost\u0119pno\u015bci cyfrowej stron internetowych i aplikacji mobilnych podmiot\u00f3w publicznych. Deklaracja Dost\u0119pno\u015bci dotyczy&hellip;<\/p>\n","protected":false},"author":5,"featured_media":0,"parent":58,"menu_order":4,"comment_status":"closed","ping_status":"closed","template":"","meta":{"footnotes":""},"class_list":["post-5302","page","type-page","status-publish","hentry"],"featured_image_src":null,"yoast_head":"<!-- This site is optimized with the Yoast SEO plugin v27.3 - https:\/\/yoast.com\/product\/yoast-seo-wordpress\/ -->\n<title>Deklaracja dost\u0119pno\u015bci - Dom Kultury &quot;Klub Skolwin&quot;<\/title>\n<meta name=\"robots\" content=\"index, follow, max-snippet:-1, max-image-preview:large, max-video-preview:-1\" \/>\n<link rel=\"canonical\" href=\"https:\/\/klubskolwin.pl\/index.php\/o-nas\/deklaracja-dostepnosci\/\" \/>\n<meta property=\"og:locale\" content=\"pl_PL\" \/>\n<meta property=\"og:type\" content=\"article\" \/>\n<meta property=\"og:title\" content=\"Deklaracja dost\u0119pno\u015bci - Dom Kultury &quot;Klub Skolwin&quot;\" \/>\n<meta property=\"og:description\" content=\"Deklaracja Dost\u0119pno\u015bci Dom Kultury \u201eKlub Skolwin\u201d zobowi\u0105zuje si\u0119 zapewni\u0107 dost\u0119pno\u015b\u0107 swojej strony internetowej zgodnie z ustaw\u0105 z dnia 4 kwietnia 2019 r. o dost\u0119pno\u015bci cyfrowej stron internetowych i aplikacji mobilnych podmiot\u00f3w publicznych. Deklaracja Dost\u0119pno\u015bci dotyczy&hellip;\" \/>\n<meta property=\"og:url\" content=\"https:\/\/klubskolwin.pl\/index.php\/o-nas\/deklaracja-dostepnosci\/\" \/>\n<meta property=\"og:site_name\" content=\"Dom Kultury &quot;Klub Skolwin&quot;\" \/>\n<meta property=\"article:publisher\" content=\"https:\/\/www.facebook.com\/profile.php?id=100064718074903\" \/>\n<meta property=\"article:modified_time\" content=\"2026-04-01T11:43:57+00:00\" \/>\n<meta name=\"twitter:card\" content=\"summary_large_image\" \/>\n<meta name=\"twitter:label1\" content=\"Szacowany czas czytania\" \/>\n\t<meta name=\"twitter:data1\" content=\"5 minut\" \/>\n<script type=\"application\/ld+json\" class=\"yoast-schema-graph\">{\"@context\":\"https:\\\/\\\/schema.org\",\"@graph\":[{\"@type\":\"WebPage\",\"@id\":\"https:\\\/\\\/klubskolwin.pl\\\/index.php\\\/o-nas\\\/deklaracja-dostepnosci\\\/\",\"url\":\"https:\\\/\\\/klubskolwin.pl\\\/index.php\\\/o-nas\\\/deklaracja-dostepnosci\\\/\",\"name\":\"Deklaracja dost\u0119pno\u015bci - Dom Kultury &quot;Klub Skolwin&quot;\",\"isPartOf\":{\"@id\":\"https:\\\/\\\/klubskolwin.pl\\\/#website\"},\"datePublished\":\"2021-03-15T09:50:33+00:00\",\"dateModified\":\"2026-04-01T11:43:57+00:00\",\"breadcrumb\":{\"@id\":\"https:\\\/\\\/klubskolwin.pl\\\/index.php\\\/o-nas\\\/deklaracja-dostepnosci\\\/#breadcrumb\"},\"inLanguage\":\"pl-PL\",\"potentialAction\":[{\"@type\":\"ReadAction\",\"target\":[\"https:\\\/\\\/klubskolwin.pl\\\/index.php\\\/o-nas\\\/deklaracja-dostepnosci\\\/\"]}]},{\"@type\":\"BreadcrumbList\",\"@id\":\"https:\\\/\\\/klubskolwin.pl\\\/index.php\\\/o-nas\\\/deklaracja-dostepnosci\\\/#breadcrumb\",\"itemListElement\":[{\"@type\":\"ListItem\",\"position\":1,\"name\":\"Strona g\u0142\u00f3wna\",\"item\":\"https:\\\/\\\/klubskolwin.pl\\\/\"},{\"@type\":\"ListItem\",\"position\":2,\"name\":\"O nas\",\"item\":\"https:\\\/\\\/klubskolwin.pl\\\/index.php\\\/o-nas\\\/\"},{\"@type\":\"ListItem\",\"position\":3,\"name\":\"Deklaracja dost\u0119pno\u015bci\"}]},{\"@type\":\"WebSite\",\"@id\":\"https:\\\/\\\/klubskolwin.pl\\\/#website\",\"url\":\"https:\\\/\\\/klubskolwin.pl\\\/\",\"name\":\"Dom Kultury \\\"Klub Skolwin\\\"\",\"description\":\"Instytucja Kultury Miasta Szczecin\",\"publisher\":{\"@id\":\"https:\\\/\\\/klubskolwin.pl\\\/#organization\"},\"potentialAction\":[{\"@type\":\"SearchAction\",\"target\":{\"@type\":\"EntryPoint\",\"urlTemplate\":\"https:\\\/\\\/klubskolwin.pl\\\/?s={search_term_string}\"},\"query-input\":{\"@type\":\"PropertyValueSpecification\",\"valueRequired\":true,\"valueName\":\"search_term_string\"}}],\"inLanguage\":\"pl-PL\"},{\"@type\":\"Organization\",\"@id\":\"https:\\\/\\\/klubskolwin.pl\\\/#organization\",\"name\":\"Dom Kultury \\\"Klub Skolwin\\\"\",\"url\":\"https:\\\/\\\/klubskolwin.pl\\\/\",\"logo\":{\"@type\":\"ImageObject\",\"inLanguage\":\"pl-PL\",\"@id\":\"https:\\\/\\\/klubskolwin.pl\\\/#\\\/schema\\\/logo\\\/image\\\/\",\"url\":\"https:\\\/\\\/i0.wp.com\\\/klubskolwin.pl\\\/wp-content\\\/uploads\\\/2022\\\/04\\\/cropped-cropped-Logo-DKKS-e1652704090902.png?fit=80%2C80&ssl=1\",\"contentUrl\":\"https:\\\/\\\/i0.wp.com\\\/klubskolwin.pl\\\/wp-content\\\/uploads\\\/2022\\\/04\\\/cropped-cropped-Logo-DKKS-e1652704090902.png?fit=80%2C80&ssl=1\",\"width\":80,\"height\":80,\"caption\":\"Dom Kultury \\\"Klub Skolwin\\\"\"},\"image\":{\"@id\":\"https:\\\/\\\/klubskolwin.pl\\\/#\\\/schema\\\/logo\\\/image\\\/\"},\"sameAs\":[\"https:\\\/\\\/www.facebook.com\\\/profile.php?id=100064718074903\",\"https:\\\/\\\/www.youtube.com\\\/@domkulturyklubskolwin4491\"]}]}<\/script>\n<!-- \/ Yoast SEO plugin. -->","yoast_head_json":{"title":"Deklaracja dost\u0119pno\u015bci - Dom Kultury &quot;Klub Skolwin&quot;","robots":{"index":"index","follow":"follow","max-snippet":"max-snippet:-1","max-image-preview":"max-image-preview:large","max-video-preview":"max-video-preview:-1"},"canonical":"https:\/\/klubskolwin.pl\/index.php\/o-nas\/deklaracja-dostepnosci\/","og_locale":"pl_PL","og_type":"article","og_title":"Deklaracja dost\u0119pno\u015bci - Dom Kultury &quot;Klub Skolwin&quot;","og_description":"Deklaracja Dost\u0119pno\u015bci Dom Kultury \u201eKlub Skolwin\u201d zobowi\u0105zuje si\u0119 zapewni\u0107 dost\u0119pno\u015b\u0107 swojej strony internetowej zgodnie z ustaw\u0105 z dnia 4 kwietnia 2019 r. o dost\u0119pno\u015bci cyfrowej stron internetowych i aplikacji mobilnych podmiot\u00f3w publicznych. Deklaracja Dost\u0119pno\u015bci dotyczy&hellip;","og_url":"https:\/\/klubskolwin.pl\/index.php\/o-nas\/deklaracja-dostepnosci\/","og_site_name":"Dom Kultury &quot;Klub Skolwin&quot;","article_publisher":"https:\/\/www.facebook.com\/profile.php?id=100064718074903","article_modified_time":"2026-04-01T11:43:57+00:00","twitter_card":"summary_large_image","twitter_misc":{"Szacowany czas czytania":"5 minut"},"schema":{"@context":"https:\/\/schema.org","@graph":[{"@type":"WebPage","@id":"https:\/\/klubskolwin.pl\/index.php\/o-nas\/deklaracja-dostepnosci\/","url":"https:\/\/klubskolwin.pl\/index.php\/o-nas\/deklaracja-dostepnosci\/","name":"Deklaracja dost\u0119pno\u015bci - Dom Kultury &quot;Klub Skolwin&quot;","isPartOf":{"@id":"https:\/\/klubskolwin.pl\/#website"},"datePublished":"2021-03-15T09:50:33+00:00","dateModified":"2026-04-01T11:43:57+00:00","breadcrumb":{"@id":"https:\/\/klubskolwin.pl\/index.php\/o-nas\/deklaracja-dostepnosci\/#breadcrumb"},"inLanguage":"pl-PL","potentialAction":[{"@type":"ReadAction","target":["https:\/\/klubskolwin.pl\/index.php\/o-nas\/deklaracja-dostepnosci\/"]}]},{"@type":"BreadcrumbList","@id":"https:\/\/klubskolwin.pl\/index.php\/o-nas\/deklaracja-dostepnosci\/#breadcrumb","itemListElement":[{"@type":"ListItem","position":1,"name":"Strona g\u0142\u00f3wna","item":"https:\/\/klubskolwin.pl\/"},{"@type":"ListItem","position":2,"name":"O nas","item":"https:\/\/klubskolwin.pl\/index.php\/o-nas\/"},{"@type":"ListItem","position":3,"name":"Deklaracja dost\u0119pno\u015bci"}]},{"@type":"WebSite","@id":"https:\/\/klubskolwin.pl\/#website","url":"https:\/\/klubskolwin.pl\/","name":"Dom Kultury \"Klub Skolwin\"","description":"Instytucja Kultury Miasta Szczecin","publisher":{"@id":"https:\/\/klubskolwin.pl\/#organization"},"potentialAction":[{"@type":"SearchAction","target":{"@type":"EntryPoint","urlTemplate":"https:\/\/klubskolwin.pl\/?s={search_term_string}"},"query-input":{"@type":"PropertyValueSpecification","valueRequired":true,"valueName":"search_term_string"}}],"inLanguage":"pl-PL"},{"@type":"Organization","@id":"https:\/\/klubskolwin.pl\/#organization","name":"Dom Kultury \"Klub Skolwin\"","url":"https:\/\/klubskolwin.pl\/","logo":{"@type":"ImageObject","inLanguage":"pl-PL","@id":"https:\/\/klubskolwin.pl\/#\/schema\/logo\/image\/","url":"https:\/\/i0.wp.com\/klubskolwin.pl\/wp-content\/uploads\/2022\/04\/cropped-cropped-Logo-DKKS-e1652704090902.png?fit=80%2C80&ssl=1","contentUrl":"https:\/\/i0.wp.com\/klubskolwin.pl\/wp-content\/uploads\/2022\/04\/cropped-cropped-Logo-DKKS-e1652704090902.png?fit=80%2C80&ssl=1","width":80,"height":80,"caption":"Dom Kultury \"Klub Skolwin\""},"image":{"@id":"https:\/\/klubskolwin.pl\/#\/schema\/logo\/image\/"},"sameAs":["https:\/\/www.facebook.com\/profile.php?id=100064718074903","https:\/\/www.youtube.com\/@domkulturyklubskolwin4491"]}]}},"jetpack_sharing_enabled":true,"_links":{"self":[{"href":"https:\/\/klubskolwin.pl\/index.php\/wp-json\/wp\/v2\/pages\/5302","targetHints":{"allow":["GET"]}}],"collection":[{"href":"https:\/\/klubskolwin.pl\/index.php\/wp-json\/wp\/v2\/pages"}],"about":[{"href":"https:\/\/klubskolwin.pl\/index.php\/wp-json\/wp\/v2\/types\/page"}],"author":[{"embeddable":true,"href":"https:\/\/klubskolwin.pl\/index.php\/wp-json\/wp\/v2\/users\/5"}],"replies":[{"embeddable":true,"href":"https:\/\/klubskolwin.pl\/index.php\/wp-json\/wp\/v2\/comments?post=5302"}],"version-history":[{"count":16,"href":"https:\/\/klubskolwin.pl\/index.php\/wp-json\/wp\/v2\/pages\/5302\/revisions"}],"predecessor-version":[{"id":7444,"href":"https:\/\/klubskolwin.pl\/index.php\/wp-json\/wp\/v2\/pages\/5302\/revisions\/7444"}],"up":[{"embeddable":true,"href":"https:\/\/klubskolwin.pl\/index.php\/wp-json\/wp\/v2\/pages\/58"}],"wp:attachment":[{"href":"https:\/\/klubskolwin.pl\/index.php\/wp-json\/wp\/v2\/media?parent=5302"}],"curies":[{"name":"wp","href":"https:\/\/api.w.org\/{rel}","templated":true}]}}