{"id":430,"date":"2016-04-19T11:26:21","date_gmt":"2016-04-19T09:26:21","guid":{"rendered":"\/index.php\/cookie-policy\/"},"modified":"2025-08-27T12:22:23","modified_gmt":"2025-08-27T10:22:23","slug":"polityka-prywatnosci-2","status":"publish","type":"page","link":"https:\/\/klubskolwin.pl\/index.php\/o-nas\/polityka-prywatnosci-2\/","title":{"rendered":"Polityka Pywatno\u015bci"},"content":{"rendered":"<h2 id=\"informacja-o-plikach-cookies\" class=\"mb-2 mt-4 font-display font-semimedium text-base first:mt-0 md:text-lg [hr+&amp;]:mt-4\">Informacja o plikach cookies<\/h2>\n<p class=\"my-2 [&amp;+p]:mt-4 [&amp;_strong:has(+br)]:inline-block [&amp;_strong:has(+br)]:pb-2\">Serwis <a class=\"break-word hover:text-super hover:decoration-super underline decoration-from-font underline-offset-1 transition-all duration-300\" href=\"https:\/\/klubskolwin.pl\" target=\"_blank\" rel=\"nofollow noopener\">https:\/\/klubskolwin.pl<\/a> korzysta z plik\u00f3w cookies w celu zapewnienia w\u0142a\u015bciwego dzia\u0142ania strony, poprawy komfortu korzystania oraz analizy ruchu na stronie. Pliki cookies to ma\u0142e pliki tekstowe zapisywane na urz\u0105dzeniu u\u017cytkownika.<\/p>\n<h2 class=\"mb-2 mt-4 font-display font-semimedium text-base first:mt-0\">Rodzaje stosowanych plik\u00f3w cookies:<\/h2>\n<ul class=\"marker:text-quiet list-disc\">\n<li class=\"py-0 my-0 prose-p:pt-0 prose-p:mb-2 prose-p:my-0 [&amp;&gt;p]:pt-0 [&amp;&gt;p]:mb-2 [&amp;&gt;p]:my-0\">\n<p class=\"my-2 [&amp;+p]:mt-4 [&amp;_strong:has(+br)]:inline-block [&amp;_strong:has(+br)]:pb-2\"><strong>Niezb\u0119dne<\/strong> \u2013 zapewniaj\u0105 prawid\u0142owe funkcjonowanie strony, umo\u017cliwiaj\u0105 korzystanie z podstawowych funkcji serwisu.<\/p>\n<\/li>\n<li class=\"py-0 my-0 prose-p:pt-0 prose-p:mb-2 prose-p:my-0 [&amp;&gt;p]:pt-0 [&amp;&gt;p]:mb-2 [&amp;&gt;p]:my-0\">\n<p class=\"my-2 [&amp;+p]:mt-4 [&amp;_strong:has(+br)]:inline-block [&amp;_strong:has(+br)]:pb-2\"><strong>Analityczne<\/strong> \u2013 pomagaj\u0105 nam zrozumie\u0107, jak u\u017cytkownicy korzystaj\u0105 ze strony, co pozwala na jej ulepszanie.<\/p>\n<\/li>\n<li class=\"py-0 my-0 prose-p:pt-0 prose-p:mb-2 prose-p:my-0 [&amp;&gt;p]:pt-0 [&amp;&gt;p]:mb-2 [&amp;&gt;p]:my-0\">\n<p class=\"my-2 [&amp;+p]:mt-4 [&amp;_strong:has(+br)]:inline-block [&amp;_strong:has(+br)]:pb-2\"><strong>Funkcjonalne<\/strong> \u2013 umo\u017cliwiaj\u0105 zapami\u0119tanie preferencji u\u017cytkownika, np. j\u0119zyka czy ustawie\u0144 wy\u015bwietlania.<\/p>\n<\/li>\n<li class=\"py-0 my-0 prose-p:pt-0 prose-p:mb-2 prose-p:my-0 [&amp;&gt;p]:pt-0 [&amp;&gt;p]:mb-2 [&amp;&gt;p]:my-0\">\n<p class=\"my-2 [&amp;+p]:mt-4 [&amp;_strong:has(+br)]:inline-block [&amp;_strong:has(+br)]:pb-2\"><strong>Marketingowe<\/strong> \u2013 mog\u0105 by\u0107 wykorzystywane do dostarczania spersonalizowanych reklam.<\/p>\n<\/li>\n<\/ul>\n<h2 class=\"mb-2 mt-4 font-display font-semimedium text-base first:mt-0\">Zarz\u0105dzanie plikami cookies:<\/h2>\n<p class=\"my-2 [&amp;+p]:mt-4 [&amp;_strong:has(+br)]:inline-block [&amp;_strong:has(+br)]:pb-2\">U\u017cytkownik mo\u017ce w ka\u017cdej chwili zmieni\u0107 ustawienia dotycz\u0105ce plik\u00f3w cookies w swojej przegl\u0105darce internetowej. Mo\u017cliwe jest wy\u0142\u0105czenie obs\u0142ugi cookies lub blokowanie wybranych ich typ\u00f3w, jednak wp\u0142ynie to na funkcjonalno\u015b\u0107 serwisu.<\/p>\n<h2 class=\"mb-2 mt-4 font-display font-semimedium text-base first:mt-0\">Zgoda na pliki cookies:<\/h2>\n<p class=\"my-2 [&amp;+p]:mt-4 [&amp;_strong:has(+br)]:inline-block [&amp;_strong:has(+br)]:pb-2\">Korzystaj\u0105c ze strony <a class=\"break-word hover:text-super hover:decoration-super underline decoration-from-font underline-offset-1 transition-all duration-300\" href=\"https:\/\/klubskolwin.pl\" target=\"_blank\" rel=\"nofollow noopener\">https:\/\/klubskolwin.pl<\/a>, wyra\u017casz zgod\u0119 na u\u017cywanie plik\u00f3w cookies zgodnie z powy\u017csz\u0105 polityk\u0105, chyba \u017ce ustawienia przegl\u0105darki stanowi\u0105 inaczej.<\/p>\n\n\n<h2 class=\"wp-block-heading\">Informacje o RODO<\/h2>\n\n\n\n<p>Zgodnie z&nbsp;art. 13 ust. 1&nbsp;i&nbsp;ust. 2&nbsp;Rozporz\u0105dzenia Parlamentu Europejskiego i&nbsp;Rady (UE) 2016\/679 z&nbsp;dnia 27 kwietnia 2016&nbsp;r. w&nbsp;sprawie ochrony os\u00f3b fizycznych w&nbsp;zwi\u0105zku z&nbsp;przetwarzaniem danych osobowych i&nbsp;w&nbsp;sprawie swobodnego przep\u0142ywu takich danych oraz uchylenia dyrektywy 95\/46\/WE, (Dziennik Urz\u0119dowy UE, L&nbsp;119\/1 z&nbsp;4&nbsp;maja 2016&nbsp;r.) Dom Kultury \u201eKlub Skolwin\u201d w&nbsp;Szczecinie jako Administrator danych osobowych (osoba fizyczna, kt\u00f3rej dane dotycz\u0105), podaje nast\u0119puj\u0105ce informacje.<\/p>\n\n\n\n<ol class=\"wp-block-list\">\n<li>Administratorem Pani\/Pana danych osobowych Dom Kultury \u201eKlub Skolwin\u201d z siedzib\u0105 w Szczecinie, 71-868,ul. Sto\u0142czy\u0144ska 163.<\/li>\n\n\n\n<li>Inspektorem Ochrony Danych jest Pani Barbara Jasi\u0144ska, adres e-mail: <a href=\"mailto:rodo@klubskolwin.pl?subject=RODO%20DKKS\">rodo@klubskolwin.pl<\/a>.<\/li>\n\n\n\n<li>Pani\/Pana dane osobowe przetwarzane s\u0105 na podstawie Pani\/Pana zgody w celu promocji wydarze\u0144.<\/li>\n\n\n\n<li>Pani\/Pana dane osobowe nie zostan\u0105 przekazane do pa\u0144stwa trzeciego ani do organizacji mi\u0119dzynarodowej.<\/li>\n\n\n\n<li>Pani\/Pana dane b\u0119d\u0105 przechowywane w zbiorze dora\u017anym i b\u0119d\u0105 przechowywane nie d\u0142u\u017cej ni\u017c jest to niezb\u0119dne do osi\u0105gni\u0119cia celu\u00a0 przetwarzania.<\/li>\n\n\n\n<li>Ma Pani\/Pan prawo dost\u0119pu do swoich danych, ich sprostowania, usuni\u0119cia lub ograniczenia przetwarzania, prawo do wniesienia sprzeciwu wobec przetwarzania, prawo do przenoszenia danych oraz prawo do wniesienia skargi do organu nadzorczego.<\/li>\n\n\n\n<li>Ma Pani\/Pan prawo do wycofania zgody na przetwarzanie danych w dowolnym momencie.<\/li>\n\n\n\n<li>Podanie przez Pani\u0105\/Pana danych jest dobrowolne.<\/li>\n\n\n\n<li>Administrator danych nie przewiduje zautomatyzowanego podejmowania decyzji, w tym profilowania\u00a0oraz ich przekazywania do pa\u0144stwa trzeciego\/organizacji mi\u0119dzynarodowej.<\/li>\n<\/ol>\n\n\n\n<p><\/p>\n","protected":false},"excerpt":{"rendered":"<p>Informacja o plikach cookies Serwis https:\/\/klubskolwin.pl korzysta z plik\u00f3w cookies w celu zapewnienia w\u0142a\u015bciwego dzia\u0142ania strony, poprawy komfortu korzystania oraz analizy ruchu na stronie. Pliki cookies to ma\u0142e pliki tekstowe zapisywane na urz\u0105dzeniu u\u017cytkownika. Rodzaje&hellip;<\/p>\n","protected":false},"author":5,"featured_media":0,"parent":58,"menu_order":6,"comment_status":"closed","ping_status":"closed","template":"","meta":{"footnotes":""},"class_list":["post-430","page","type-page","status-publish","hentry"],"featured_image_src":null,"yoast_head":"<!-- This site is optimized with the Yoast SEO plugin v27.4 - https:\/\/yoast.com\/product\/yoast-seo-wordpress\/ -->\n<title>Polityka Pywatno\u015bci - Dom Kultury &quot;Klub Skolwin&quot;<\/title>\n<meta name=\"robots\" content=\"index, follow, max-snippet:-1, max-image-preview:large, max-video-preview:-1\" \/>\n<link rel=\"canonical\" href=\"https:\/\/klubskolwin.pl\/index.php\/o-nas\/polityka-prywatnosci-2\/\" \/>\n<meta property=\"og:locale\" content=\"pl_PL\" \/>\n<meta property=\"og:type\" content=\"article\" \/>\n<meta property=\"og:title\" content=\"Polityka Pywatno\u015bci - Dom Kultury &quot;Klub Skolwin&quot;\" \/>\n<meta property=\"og:description\" content=\"Informacja o plikach cookies Serwis https:\/\/klubskolwin.pl korzysta z plik\u00f3w cookies w celu zapewnienia w\u0142a\u015bciwego dzia\u0142ania strony, poprawy komfortu korzystania oraz analizy ruchu na stronie. Pliki cookies to ma\u0142e pliki tekstowe zapisywane na urz\u0105dzeniu u\u017cytkownika. Rodzaje&hellip;\" \/>\n<meta property=\"og:url\" content=\"https:\/\/klubskolwin.pl\/index.php\/o-nas\/polityka-prywatnosci-2\/\" \/>\n<meta property=\"og:site_name\" content=\"Dom Kultury &quot;Klub Skolwin&quot;\" \/>\n<meta property=\"article:publisher\" content=\"https:\/\/www.facebook.com\/profile.php?id=100064718074903\" \/>\n<meta property=\"article:modified_time\" content=\"2025-08-27T10:22:23+00:00\" \/>\n<meta name=\"twitter:card\" content=\"summary_large_image\" \/>\n<meta name=\"twitter:label1\" content=\"Szacowany czas czytania\" \/>\n\t<meta name=\"twitter:data1\" content=\"2 minuty\" \/>\n<script type=\"application\/ld+json\" class=\"yoast-schema-graph\">{\"@context\":\"https:\\\/\\\/schema.org\",\"@graph\":[{\"@type\":\"WebPage\",\"@id\":\"https:\\\/\\\/klubskolwin.pl\\\/index.php\\\/o-nas\\\/polityka-prywatnosci-2\\\/\",\"url\":\"https:\\\/\\\/klubskolwin.pl\\\/index.php\\\/o-nas\\\/polityka-prywatnosci-2\\\/\",\"name\":\"Polityka Pywatno\u015bci - Dom Kultury &quot;Klub Skolwin&quot;\",\"isPartOf\":{\"@id\":\"https:\\\/\\\/klubskolwin.pl\\\/#website\"},\"datePublished\":\"2016-04-19T09:26:21+00:00\",\"dateModified\":\"2025-08-27T10:22:23+00:00\",\"breadcrumb\":{\"@id\":\"https:\\\/\\\/klubskolwin.pl\\\/index.php\\\/o-nas\\\/polityka-prywatnosci-2\\\/#breadcrumb\"},\"inLanguage\":\"pl-PL\",\"potentialAction\":[{\"@type\":\"ReadAction\",\"target\":[\"https:\\\/\\\/klubskolwin.pl\\\/index.php\\\/o-nas\\\/polityka-prywatnosci-2\\\/\"]}]},{\"@type\":\"BreadcrumbList\",\"@id\":\"https:\\\/\\\/klubskolwin.pl\\\/index.php\\\/o-nas\\\/polityka-prywatnosci-2\\\/#breadcrumb\",\"itemListElement\":[{\"@type\":\"ListItem\",\"position\":1,\"name\":\"Strona g\u0142\u00f3wna\",\"item\":\"https:\\\/\\\/klubskolwin.pl\\\/\"},{\"@type\":\"ListItem\",\"position\":2,\"name\":\"O nas\",\"item\":\"https:\\\/\\\/klubskolwin.pl\\\/index.php\\\/o-nas\\\/\"},{\"@type\":\"ListItem\",\"position\":3,\"name\":\"Polityka Pywatno\u015bci\"}]},{\"@type\":\"WebSite\",\"@id\":\"https:\\\/\\\/klubskolwin.pl\\\/#website\",\"url\":\"https:\\\/\\\/klubskolwin.pl\\\/\",\"name\":\"Dom Kultury \\\"Klub Skolwin\\\"\",\"description\":\"Instytucja Kultury Miasta Szczecin\",\"publisher\":{\"@id\":\"https:\\\/\\\/klubskolwin.pl\\\/#organization\"},\"potentialAction\":[{\"@type\":\"SearchAction\",\"target\":{\"@type\":\"EntryPoint\",\"urlTemplate\":\"https:\\\/\\\/klubskolwin.pl\\\/?s={search_term_string}\"},\"query-input\":{\"@type\":\"PropertyValueSpecification\",\"valueRequired\":true,\"valueName\":\"search_term_string\"}}],\"inLanguage\":\"pl-PL\"},{\"@type\":\"Organization\",\"@id\":\"https:\\\/\\\/klubskolwin.pl\\\/#organization\",\"name\":\"Dom Kultury \\\"Klub Skolwin\\\"\",\"url\":\"https:\\\/\\\/klubskolwin.pl\\\/\",\"logo\":{\"@type\":\"ImageObject\",\"inLanguage\":\"pl-PL\",\"@id\":\"https:\\\/\\\/klubskolwin.pl\\\/#\\\/schema\\\/logo\\\/image\\\/\",\"url\":\"https:\\\/\\\/i0.wp.com\\\/klubskolwin.pl\\\/wp-content\\\/uploads\\\/2022\\\/04\\\/cropped-cropped-Logo-DKKS-e1652704090902.png?fit=80%2C80&ssl=1\",\"contentUrl\":\"https:\\\/\\\/i0.wp.com\\\/klubskolwin.pl\\\/wp-content\\\/uploads\\\/2022\\\/04\\\/cropped-cropped-Logo-DKKS-e1652704090902.png?fit=80%2C80&ssl=1\",\"width\":80,\"height\":80,\"caption\":\"Dom Kultury \\\"Klub Skolwin\\\"\"},\"image\":{\"@id\":\"https:\\\/\\\/klubskolwin.pl\\\/#\\\/schema\\\/logo\\\/image\\\/\"},\"sameAs\":[\"https:\\\/\\\/www.facebook.com\\\/profile.php?id=100064718074903\",\"https:\\\/\\\/www.youtube.com\\\/@domkulturyklubskolwin4491\"]}]}<\/script>\n<!-- \/ Yoast SEO plugin. -->","yoast_head_json":{"title":"Polityka Pywatno\u015bci - Dom Kultury &quot;Klub Skolwin&quot;","robots":{"index":"index","follow":"follow","max-snippet":"max-snippet:-1","max-image-preview":"max-image-preview:large","max-video-preview":"max-video-preview:-1"},"canonical":"https:\/\/klubskolwin.pl\/index.php\/o-nas\/polityka-prywatnosci-2\/","og_locale":"pl_PL","og_type":"article","og_title":"Polityka Pywatno\u015bci - Dom Kultury &quot;Klub Skolwin&quot;","og_description":"Informacja o plikach cookies Serwis https:\/\/klubskolwin.pl korzysta z plik\u00f3w cookies w celu zapewnienia w\u0142a\u015bciwego dzia\u0142ania strony, poprawy komfortu korzystania oraz analizy ruchu na stronie. Pliki cookies to ma\u0142e pliki tekstowe zapisywane na urz\u0105dzeniu u\u017cytkownika. Rodzaje&hellip;","og_url":"https:\/\/klubskolwin.pl\/index.php\/o-nas\/polityka-prywatnosci-2\/","og_site_name":"Dom Kultury &quot;Klub Skolwin&quot;","article_publisher":"https:\/\/www.facebook.com\/profile.php?id=100064718074903","article_modified_time":"2025-08-27T10:22:23+00:00","twitter_card":"summary_large_image","twitter_misc":{"Szacowany czas czytania":"2 minuty"},"schema":{"@context":"https:\/\/schema.org","@graph":[{"@type":"WebPage","@id":"https:\/\/klubskolwin.pl\/index.php\/o-nas\/polityka-prywatnosci-2\/","url":"https:\/\/klubskolwin.pl\/index.php\/o-nas\/polityka-prywatnosci-2\/","name":"Polityka Pywatno\u015bci - Dom Kultury &quot;Klub Skolwin&quot;","isPartOf":{"@id":"https:\/\/klubskolwin.pl\/#website"},"datePublished":"2016-04-19T09:26:21+00:00","dateModified":"2025-08-27T10:22:23+00:00","breadcrumb":{"@id":"https:\/\/klubskolwin.pl\/index.php\/o-nas\/polityka-prywatnosci-2\/#breadcrumb"},"inLanguage":"pl-PL","potentialAction":[{"@type":"ReadAction","target":["https:\/\/klubskolwin.pl\/index.php\/o-nas\/polityka-prywatnosci-2\/"]}]},{"@type":"BreadcrumbList","@id":"https:\/\/klubskolwin.pl\/index.php\/o-nas\/polityka-prywatnosci-2\/#breadcrumb","itemListElement":[{"@type":"ListItem","position":1,"name":"Strona g\u0142\u00f3wna","item":"https:\/\/klubskolwin.pl\/"},{"@type":"ListItem","position":2,"name":"O nas","item":"https:\/\/klubskolwin.pl\/index.php\/o-nas\/"},{"@type":"ListItem","position":3,"name":"Polityka Pywatno\u015bci"}]},{"@type":"WebSite","@id":"https:\/\/klubskolwin.pl\/#website","url":"https:\/\/klubskolwin.pl\/","name":"Dom Kultury \"Klub Skolwin\"","description":"Instytucja Kultury Miasta Szczecin","publisher":{"@id":"https:\/\/klubskolwin.pl\/#organization"},"potentialAction":[{"@type":"SearchAction","target":{"@type":"EntryPoint","urlTemplate":"https:\/\/klubskolwin.pl\/?s={search_term_string}"},"query-input":{"@type":"PropertyValueSpecification","valueRequired":true,"valueName":"search_term_string"}}],"inLanguage":"pl-PL"},{"@type":"Organization","@id":"https:\/\/klubskolwin.pl\/#organization","name":"Dom Kultury \"Klub Skolwin\"","url":"https:\/\/klubskolwin.pl\/","logo":{"@type":"ImageObject","inLanguage":"pl-PL","@id":"https:\/\/klubskolwin.pl\/#\/schema\/logo\/image\/","url":"https:\/\/i0.wp.com\/klubskolwin.pl\/wp-content\/uploads\/2022\/04\/cropped-cropped-Logo-DKKS-e1652704090902.png?fit=80%2C80&ssl=1","contentUrl":"https:\/\/i0.wp.com\/klubskolwin.pl\/wp-content\/uploads\/2022\/04\/cropped-cropped-Logo-DKKS-e1652704090902.png?fit=80%2C80&ssl=1","width":80,"height":80,"caption":"Dom Kultury \"Klub Skolwin\""},"image":{"@id":"https:\/\/klubskolwin.pl\/#\/schema\/logo\/image\/"},"sameAs":["https:\/\/www.facebook.com\/profile.php?id=100064718074903","https:\/\/www.youtube.com\/@domkulturyklubskolwin4491"]}]}},"jetpack_sharing_enabled":true,"_links":{"self":[{"href":"https:\/\/klubskolwin.pl\/index.php\/wp-json\/wp\/v2\/pages\/430","targetHints":{"allow":["GET"]}}],"collection":[{"href":"https:\/\/klubskolwin.pl\/index.php\/wp-json\/wp\/v2\/pages"}],"about":[{"href":"https:\/\/klubskolwin.pl\/index.php\/wp-json\/wp\/v2\/types\/page"}],"author":[{"embeddable":true,"href":"https:\/\/klubskolwin.pl\/index.php\/wp-json\/wp\/v2\/users\/5"}],"replies":[{"embeddable":true,"href":"https:\/\/klubskolwin.pl\/index.php\/wp-json\/wp\/v2\/comments?post=430"}],"version-history":[{"count":4,"href":"https:\/\/klubskolwin.pl\/index.php\/wp-json\/wp\/v2\/pages\/430\/revisions"}],"predecessor-version":[{"id":7287,"href":"https:\/\/klubskolwin.pl\/index.php\/wp-json\/wp\/v2\/pages\/430\/revisions\/7287"}],"up":[{"embeddable":true,"href":"https:\/\/klubskolwin.pl\/index.php\/wp-json\/wp\/v2\/pages\/58"}],"wp:attachment":[{"href":"https:\/\/klubskolwin.pl\/index.php\/wp-json\/wp\/v2\/media?parent=430"}],"curies":[{"name":"wp","href":"https:\/\/api.w.org\/{rel}","templated":true}]}}